{"id":253,"date":"2017-02-28T13:20:04","date_gmt":"2017-02-28T13:20:04","guid":{"rendered":"http:\/\/veronicademo.devclick.uk\/?page_id=29"},"modified":"2022-11-24T12:44:10","modified_gmt":"2022-11-24T12:44:10","slug":"sports-injuries","status":"publish","type":"page","link":"https:\/\/fisioterapia-equilibrium.ch\/?page_id=253","title":{"rendered":"Mamme in attesa"},"content":{"rendered":"<div id=\"pl-253\"  class=\"panel-layout\" ><div id=\"pg-253-0\"  class=\"panel-grid panel-has-style\" ><div data-overlay-color=\"#000000\" class=\"panel-row-style panel-row-style-for-253-0\" ><div id=\"pgc-253-0-0\"  class=\"panel-grid-cell panel-grid-cell-empty\" ><\/div><div id=\"pgc-253-0-1\"  class=\"panel-grid-cell panel-grid-cell-mobile-last\" ><div id=\"panel-253-0-1-0\" class=\"so-panel widget widget_media_gallery panel-first-child panel-last-child\" data-index=\"0\" ><div id='gallery-1' class='gallery galleryid-253 gallery-columns-3 gallery-size-thumbnail'><figure class='gallery-item'>\n\t\t\t<div class='gallery-icon portrait'>\n\t\t\t\t<a href='https:\/\/fisioterapia-equilibrium.ch\/?attachment_id=576'><img loading=\"lazy\" decoding=\"async\" width=\"150\" height=\"150\" src=\"https:\/\/fisioterapia-equilibrium.ch\/wp-content\/uploads\/2021\/11\/WhatsApp-Image-2021-11-23-at-21.37.25-150x150.jpeg\" class=\"attachment-thumbnail size-thumbnail\" alt=\"Riabilitazione pancia mamma bambino postura gonfiore dolore delicatezza accoglienza linfodrenaggio massaggio esercizi ergonomia presidi accorgimenti consigli terapia analisi accuratezza\" \/><\/a>\n\t\t\t<\/div><\/figure><figure class='gallery-item'>\n\t\t\t<div class='gallery-icon portrait'>\n\t\t\t\t<a href='https:\/\/fisioterapia-equilibrium.ch\/?attachment_id=577'><img loading=\"lazy\" decoding=\"async\" width=\"150\" height=\"150\" src=\"https:\/\/fisioterapia-equilibrium.ch\/wp-content\/uploads\/2021\/11\/WhatsApp-Image-2021-11-23-at-21.37.24-1-150x150.jpeg\" class=\"attachment-thumbnail size-thumbnail\" alt=\"Riabilitazione pancia mamma bambino postura gonfiore dolore delicatezza accoglienza linfodrenaggio massaggio esercizi ergonomia presidi accorgimenti consigli terapia analisi accuratezza\" \/><\/a>\n\t\t\t<\/div><\/figure><figure class='gallery-item'>\n\t\t\t<div class='gallery-icon portrait'>\n\t\t\t\t<a href='https:\/\/fisioterapia-equilibrium.ch\/?attachment_id=578'><img loading=\"lazy\" decoding=\"async\" width=\"150\" height=\"150\" src=\"https:\/\/fisioterapia-equilibrium.ch\/wp-content\/uploads\/2021\/11\/WhatsApp-Image-2021-11-23-at-21.37.24-150x150.jpeg\" class=\"attachment-thumbnail size-thumbnail\" alt=\"Riabilitazione pancia mamma bambino postura gonfiore dolore delicatezza accoglienza linfodrenaggio massaggio esercizi ergonomia presidi accorgimenti consigli terapia analisi accuratezza\" \/><\/a>\n\t\t\t<\/div><\/figure><figure class='gallery-item'>\n\t\t\t<div class='gallery-icon portrait'>\n\t\t\t\t<a href='https:\/\/fisioterapia-equilibrium.ch\/?attachment_id=579'><img loading=\"lazy\" decoding=\"async\" width=\"150\" height=\"150\" src=\"https:\/\/fisioterapia-equilibrium.ch\/wp-content\/uploads\/2021\/11\/WhatsApp-Image-2021-11-23-at-21.37.23-150x150.jpeg\" class=\"attachment-thumbnail size-thumbnail\" alt=\"Riabilitazione pancia mamma bambino postura gonfiore dolore delicatezza accoglienza linfodrenaggio massaggio esercizi ergonomia presidi accorgimenti consigli terapia analisi accuratezza\" \/><\/a>\n\t\t\t<\/div><\/figure>\n\t\t<\/div>\n<\/div><\/div><div id=\"pgc-253-0-2\"  class=\"panel-grid-cell panel-grid-cell-empty\" ><\/div><\/div><\/div><div id=\"pg-253-1\"  class=\"panel-grid panel-has-style\" ><div data-overlay-color=\"#000000\" class=\"panel-row-style panel-row-style-for-253-1\" ><div id=\"pgc-253-1-0\"  class=\"panel-grid-cell\" ><div id=\"panel-253-1-0-0\" class=\"so-panel widget widget_black-studio-tinymce widget_black_studio_tinymce panel-first-child panel-last-child\" data-index=\"1\" ><div class=\"textwidget\"><p>Sin dall'inizio del mio percorso, ho potuto lavorare con mamme in attesa e aiutarle a far fronte ai piccoli o grandi disturbi che intervengono durante quel meraviglioso percorso che \u00e8 la gravidanza. Poi, quando anch'io sono diventata mamma, ho potuto vivere sulla mia pelle tutto ci\u00f2 per cui avevo studiato e praticato...ho perci\u00f2 voluto inserire anche questa particolarit\u00e0 nel mio studio.<\/p>\n<p>Riabilitazione posturale, trattamento del dolore, linfodrenaggio ed ergonomia...una serie di aiuti per gestire i cambiamenti del proprio corpo, in caso di disturbi o semplicemente delle difficolt\u00e0 che si possono incontrare durante i 9 mesi prima di abbracciare i nuovi nati... e poi anche dopo...<\/p>\n<p>Per affrontare il percorso mi avvalgo anche della collaborazione di altri professionisti della salute, sia medicali, sia terapisti complementari.<\/p>\n<\/div><\/div><\/div><\/div><\/div><div id=\"pg-253-2\"  class=\"panel-grid panel-has-style\" ><div data-overlay-color=\"#000000\" class=\"panel-row-style panel-row-style-for-253-2\" ><div id=\"pgc-253-2-0\"  class=\"panel-grid-cell\" ><div id=\"panel-253-2-0-0\" class=\"so-panel widget widget_black-studio-tinymce widget_black_studio_tinymce panel-first-child panel-last-child\" data-index=\"2\" ><h3 class=\"widget-title\">Altri Trattamenti<\/h3><div class=\"textwidget\"><\/div><\/div><\/div><\/div><\/div><div id=\"pg-253-3\"  class=\"panel-grid panel-has-style\" ><div data-overlay-color=\"#000000\" class=\"panel-row-style panel-row-style-for-253-3\" ><div id=\"pgc-253-3-0\"  class=\"panel-grid-cell\" ><div id=\"panel-253-3-0-0\" class=\"so-panel widget widget_dc_featured_page devclick-featured-page panel-first-child panel-last-child\" data-index=\"3\" >\n\t\t\t<article class=\"featured-page featured-page-style-two\">\n\n\t\t\t\t\t\t\t\t\t<a href=\"https:\/\/fisioterapia-equilibrium.ch\/?page_id=254\" class=\"featured-page-image\">\n\t\t\t\t\t\t<img decoding=\"async\" src=\"https:\/\/fisioterapia-equilibrium.ch\/wp-content\/uploads\/2021\/10\/DSCF7687-347x260.jpg\" srcset=\"https:\/\/fisioterapia-equilibrium.ch\/wp-content\/uploads\/2021\/10\/DSCF7687-867x650.jpg 1024w, https:\/\/fisioterapia-equilibrium.ch\/wp-content\/uploads\/2021\/10\/DSCF7687-520x390.jpg 640w, https:\/\/fisioterapia-equilibrium.ch\/wp-content\/uploads\/2021\/10\/DSCF7687-347x260.jpg 320w\" sizes=\"(min-width: 992px) 40vw, 110vw\" alt=\"\">\n\t\t\t\t\t<\/a>\n\t\t\t\t\n\t\t\t\t<div class=\"featured-page-inner text-left\">\n\n\t\t\t\t\t<h3>\n\t\t\t\t\t\t<a href=\"https:\/\/fisioterapia-equilibrium.ch\/?page_id=254\">Senologia<\/a>\n\t\t\t\t\t<\/h3>\n\n\t\t\t\t\t\t\t\t\t\t\t<p>Aenean lacinia bibendum nulla sed consectetur. Aenean eu leo quam. Pellentesque ornare sem lacinia quam venenatis vestibulum....<\/p>\n\t\t\t\t\t\n\t\t\t\t\t\t\t\t\t\t\t<a href=\"https:\/\/fisioterapia-equilibrium.ch\/?page_id=254\" class=\"featured-page-link\">Leggi...<\/a>\n\t\t\t\t\t\n\t\t\t\t<\/div><!-- .featured-page-inner -->\n\n\t\t\t<\/article><!-- .featured-page -->\n\n\t\t<\/div><\/div><div id=\"pgc-253-3-1\"  class=\"panel-grid-cell\" ><div id=\"panel-253-3-1-0\" class=\"so-panel widget widget_dc_featured_page devclick-featured-page panel-first-child panel-last-child\" data-index=\"4\" >\n\t\t\t<article class=\"featured-page featured-page-style-two\">\n\n\t\t\t\t\t\t\t\t\t<a href=\"https:\/\/fisioterapia-equilibrium.ch\/?page_id=252\" class=\"featured-page-image\">\n\t\t\t\t\t\t<img decoding=\"async\" src=\"https:\/\/fisioterapia-equilibrium.ch\/wp-content\/uploads\/2021\/10\/DSCF7581-260x260.jpg\" srcset=\"https:\/\/fisioterapia-equilibrium.ch\/wp-content\/uploads\/2021\/10\/DSCF7581-650x650.jpg 1024w, https:\/\/fisioterapia-equilibrium.ch\/wp-content\/uploads\/2021\/10\/DSCF7581-390x390.jpg 640w, https:\/\/fisioterapia-equilibrium.ch\/wp-content\/uploads\/2021\/10\/DSCF7581-260x260.jpg 320w\" sizes=\"(min-width: 992px) 40vw, 110vw\" alt=\"\">\n\t\t\t\t\t<\/a>\n\t\t\t\t\n\t\t\t\t<div class=\"featured-page-inner text-left\">\n\n\t\t\t\t\t<h3>\n\t\t\t\t\t\t<a href=\"https:\/\/fisioterapia-equilibrium.ch\/?page_id=252\">Terapie<\/a>\n\t\t\t\t\t<\/h3>\n\n\t\t\t\t\t\t\t\t\t\t\t<p>Aenean lacinia bibendum nulla sed consectetur. Aenean eu leo quam. Pellentesque ornare sem lacinia quam venenatis vestibulum....<\/p>\n\t\t\t\t\t\n\t\t\t\t\t\t\t\t\t\t\t<a href=\"https:\/\/fisioterapia-equilibrium.ch\/?page_id=252\" class=\"featured-page-link\">Leggi...<\/a>\n\t\t\t\t\t\n\t\t\t\t<\/div><!-- .featured-page-inner -->\n\n\t\t\t<\/article><!-- .featured-page -->\n\n\t\t<\/div><\/div><\/div><\/div><\/div>","protected":false},"excerpt":{"rendered":"<p>Aenean lacinia bibendum nulla sed consectetur. Aenean eu leo quam. Pellentesque ornare sem lacinia quam venenatis vestibulum. Lorem ipsum dolor sit amet, consectetur adipiscing elit.<\/p>\n","protected":false},"author":1,"featured_media":40,"parent":248,"menu_order":0,"comment_status":"closed","ping_status":"closed","template":"template-full-width.php","meta":{"footnotes":""},"class_list":["post-253","page","type-page","status-publish","has-post-thumbnail","hentry"],"yoast_head":"<!-- This site is optimized with the Yoast SEO plugin v27.2 - https:\/\/yoast.com\/product\/yoast-seo-wordpress\/ -->\n<title>Mamme in attesa - Equilibrium<\/title>\n<meta name=\"description\" content=\"Sono particolarmente attenta alle problematiche femminili, in particolare alla riabilitazione in senologia post-mastectomia, ai problemi linfatici e posturali in gravidanza\" \/>\n<meta name=\"robots\" content=\"index, follow, max-snippet:-1, max-image-preview:large, max-video-preview:-1\" \/>\n<link rel=\"canonical\" href=\"https:\/\/fisioterapia-equilibrium.ch\/?page_id=253\" \/>\n<meta property=\"og:locale\" content=\"it_IT\" \/>\n<meta property=\"og:type\" content=\"article\" \/>\n<meta property=\"og:title\" content=\"Mamme in attesa - Equilibrium\" \/>\n<meta property=\"og:description\" content=\"Sono particolarmente attenta alle problematiche femminili, in particolare alla riabilitazione in senologia post-mastectomia, ai problemi linfatici e posturali in gravidanza\" \/>\n<meta property=\"og:url\" content=\"https:\/\/fisioterapia-equilibrium.ch\/?page_id=253\" \/>\n<meta property=\"og:site_name\" content=\"Equilibrium\" \/>\n<meta property=\"article:publisher\" content=\"https:\/\/www.facebook.com\/micaela.gasparimenotti\" \/>\n<meta property=\"article:modified_time\" content=\"2022-11-24T12:44:10+00:00\" \/>\n<meta property=\"og:image\" content=\"https:\/\/fisioterapia-equilibrium.ch\/wp-content\/uploads\/2021\/09\/DSCF7648-scaled.jpg\" \/>\n\t<meta property=\"og:image:width\" content=\"2560\" \/>\n\t<meta property=\"og:image:height\" content=\"1920\" \/>\n\t<meta property=\"og:image:type\" content=\"image\/jpeg\" \/>\n<meta name=\"twitter:card\" content=\"summary_large_image\" \/>\n<meta name=\"twitter:label1\" content=\"Tempo di lettura stimato\" \/>\n\t<meta name=\"twitter:data1\" content=\"1 minuto\" \/>\n<script type=\"application\/ld+json\" class=\"yoast-schema-graph\">{\"@context\":\"https:\/\/schema.org\",\"@graph\":[{\"@type\":\"WebPage\",\"@id\":\"https:\/\/fisioterapia-equilibrium.ch\/?page_id=253\",\"url\":\"https:\/\/fisioterapia-equilibrium.ch\/?page_id=253\",\"name\":\"Mamme in attesa - Equilibrium\",\"isPartOf\":{\"@id\":\"https:\/\/fisioterapia-equilibrium.ch\/#website\"},\"primaryImageOfPage\":{\"@id\":\"https:\/\/fisioterapia-equilibrium.ch\/?page_id=253#primaryimage\"},\"image\":{\"@id\":\"https:\/\/fisioterapia-equilibrium.ch\/?page_id=253#primaryimage\"},\"thumbnailUrl\":\"https:\/\/fisioterapia-equilibrium.ch\/wp-content\/uploads\/2021\/09\/DSCF7648-scaled.jpg\",\"datePublished\":\"2017-02-28T13:20:04+00:00\",\"dateModified\":\"2022-11-24T12:44:10+00:00\",\"description\":\"Sono particolarmente attenta alle problematiche femminili, in particolare alla riabilitazione in senologia post-mastectomia, ai problemi linfatici e posturali in gravidanza\",\"breadcrumb\":{\"@id\":\"https:\/\/fisioterapia-equilibrium.ch\/?page_id=253#breadcrumb\"},\"inLanguage\":\"it-IT\",\"potentialAction\":[{\"@type\":\"ReadAction\",\"target\":[\"https:\/\/fisioterapia-equilibrium.ch\/?page_id=253\"]}]},{\"@type\":\"ImageObject\",\"inLanguage\":\"it-IT\",\"@id\":\"https:\/\/fisioterapia-equilibrium.ch\/?page_id=253#primaryimage\",\"url\":\"https:\/\/fisioterapia-equilibrium.ch\/wp-content\/uploads\/2021\/09\/DSCF7648-scaled.jpg\",\"contentUrl\":\"https:\/\/fisioterapia-equilibrium.ch\/wp-content\/uploads\/2021\/09\/DSCF7648-scaled.jpg\",\"width\":2560,\"height\":1920,\"caption\":\"Ambiente ospitalit\u00e0 esperienza professionalit\u00e0 gentilezza fisioterapia riabilitazione studio domicilio igiene ortopedia reumatologia linfodrenaggio senologia postura\"},{\"@type\":\"BreadcrumbList\",\"@id\":\"https:\/\/fisioterapia-equilibrium.ch\/?page_id=253#breadcrumb\",\"itemListElement\":[{\"@type\":\"ListItem\",\"position\":1,\"name\":\"Home\",\"item\":\"https:\/\/fisioterapia-equilibrium.ch\/\"},{\"@type\":\"ListItem\",\"position\":2,\"name\":\"Services\",\"item\":\"https:\/\/fisioterapia-equilibrium.ch\/?page_id=248\"},{\"@type\":\"ListItem\",\"position\":3,\"name\":\"Mamme in attesa\"}]},{\"@type\":\"WebSite\",\"@id\":\"https:\/\/fisioterapia-equilibrium.ch\/#website\",\"url\":\"https:\/\/fisioterapia-equilibrium.ch\/\",\"name\":\"Fisioterapia Equilibrium\",\"description\":\"Fisioterapia\",\"publisher\":{\"@id\":\"https:\/\/fisioterapia-equilibrium.ch\/#organization\"},\"alternateName\":\"Equilibrium\",\"potentialAction\":[{\"@type\":\"SearchAction\",\"target\":{\"@type\":\"EntryPoint\",\"urlTemplate\":\"https:\/\/fisioterapia-equilibrium.ch\/?s={search_term_string}\"},\"query-input\":{\"@type\":\"PropertyValueSpecification\",\"valueRequired\":true,\"valueName\":\"search_term_string\"}}],\"inLanguage\":\"it-IT\"},{\"@type\":\"Organization\",\"@id\":\"https:\/\/fisioterapia-equilibrium.ch\/#organization\",\"name\":\"Fisioterapia Equilibrium\",\"alternateName\":\"Equilibrium\",\"url\":\"https:\/\/fisioterapia-equilibrium.ch\/\",\"logo\":{\"@type\":\"ImageObject\",\"inLanguage\":\"it-IT\",\"@id\":\"https:\/\/fisioterapia-equilibrium.ch\/#\/schema\/logo\/image\/\",\"url\":\"https:\/\/fisioterapia-equilibrium.ch\/wp-content\/uploads\/2021\/09\/Logo_Equilibrium_DEF-01.png\",\"contentUrl\":\"https:\/\/fisioterapia-equilibrium.ch\/wp-content\/uploads\/2021\/09\/Logo_Equilibrium_DEF-01.png\",\"width\":3508,\"height\":2481,\"caption\":\"Fisioterapia Equilibrium\"},\"image\":{\"@id\":\"https:\/\/fisioterapia-equilibrium.ch\/#\/schema\/logo\/image\/\"},\"sameAs\":[\"https:\/\/www.facebook.com\/micaela.gasparimenotti\"]}]}<\/script>\n<!-- \/ Yoast SEO plugin. -->","yoast_head_json":{"title":"Mamme in attesa - Equilibrium","description":"Sono particolarmente attenta alle problematiche femminili, in particolare alla riabilitazione in senologia post-mastectomia, ai problemi linfatici e posturali in gravidanza","robots":{"index":"index","follow":"follow","max-snippet":"max-snippet:-1","max-image-preview":"max-image-preview:large","max-video-preview":"max-video-preview:-1"},"canonical":"https:\/\/fisioterapia-equilibrium.ch\/?page_id=253","og_locale":"it_IT","og_type":"article","og_title":"Mamme in attesa - Equilibrium","og_description":"Sono particolarmente attenta alle problematiche femminili, in particolare alla riabilitazione in senologia post-mastectomia, ai problemi linfatici e posturali in gravidanza","og_url":"https:\/\/fisioterapia-equilibrium.ch\/?page_id=253","og_site_name":"Equilibrium","article_publisher":"https:\/\/www.facebook.com\/micaela.gasparimenotti","article_modified_time":"2022-11-24T12:44:10+00:00","og_image":[{"width":2560,"height":1920,"url":"https:\/\/fisioterapia-equilibrium.ch\/wp-content\/uploads\/2021\/09\/DSCF7648-scaled.jpg","type":"image\/jpeg"}],"twitter_card":"summary_large_image","twitter_misc":{"Tempo di lettura stimato":"1 minuto"},"schema":{"@context":"https:\/\/schema.org","@graph":[{"@type":"WebPage","@id":"https:\/\/fisioterapia-equilibrium.ch\/?page_id=253","url":"https:\/\/fisioterapia-equilibrium.ch\/?page_id=253","name":"Mamme in attesa - Equilibrium","isPartOf":{"@id":"https:\/\/fisioterapia-equilibrium.ch\/#website"},"primaryImageOfPage":{"@id":"https:\/\/fisioterapia-equilibrium.ch\/?page_id=253#primaryimage"},"image":{"@id":"https:\/\/fisioterapia-equilibrium.ch\/?page_id=253#primaryimage"},"thumbnailUrl":"https:\/\/fisioterapia-equilibrium.ch\/wp-content\/uploads\/2021\/09\/DSCF7648-scaled.jpg","datePublished":"2017-02-28T13:20:04+00:00","dateModified":"2022-11-24T12:44:10+00:00","description":"Sono particolarmente attenta alle problematiche femminili, in particolare alla riabilitazione in senologia post-mastectomia, ai problemi linfatici e posturali in gravidanza","breadcrumb":{"@id":"https:\/\/fisioterapia-equilibrium.ch\/?page_id=253#breadcrumb"},"inLanguage":"it-IT","potentialAction":[{"@type":"ReadAction","target":["https:\/\/fisioterapia-equilibrium.ch\/?page_id=253"]}]},{"@type":"ImageObject","inLanguage":"it-IT","@id":"https:\/\/fisioterapia-equilibrium.ch\/?page_id=253#primaryimage","url":"https:\/\/fisioterapia-equilibrium.ch\/wp-content\/uploads\/2021\/09\/DSCF7648-scaled.jpg","contentUrl":"https:\/\/fisioterapia-equilibrium.ch\/wp-content\/uploads\/2021\/09\/DSCF7648-scaled.jpg","width":2560,"height":1920,"caption":"Ambiente ospitalit\u00e0 esperienza professionalit\u00e0 gentilezza fisioterapia riabilitazione studio domicilio igiene ortopedia reumatologia linfodrenaggio senologia postura"},{"@type":"BreadcrumbList","@id":"https:\/\/fisioterapia-equilibrium.ch\/?page_id=253#breadcrumb","itemListElement":[{"@type":"ListItem","position":1,"name":"Home","item":"https:\/\/fisioterapia-equilibrium.ch\/"},{"@type":"ListItem","position":2,"name":"Services","item":"https:\/\/fisioterapia-equilibrium.ch\/?page_id=248"},{"@type":"ListItem","position":3,"name":"Mamme in attesa"}]},{"@type":"WebSite","@id":"https:\/\/fisioterapia-equilibrium.ch\/#website","url":"https:\/\/fisioterapia-equilibrium.ch\/","name":"Fisioterapia Equilibrium","description":"Fisioterapia","publisher":{"@id":"https:\/\/fisioterapia-equilibrium.ch\/#organization"},"alternateName":"Equilibrium","potentialAction":[{"@type":"SearchAction","target":{"@type":"EntryPoint","urlTemplate":"https:\/\/fisioterapia-equilibrium.ch\/?s={search_term_string}"},"query-input":{"@type":"PropertyValueSpecification","valueRequired":true,"valueName":"search_term_string"}}],"inLanguage":"it-IT"},{"@type":"Organization","@id":"https:\/\/fisioterapia-equilibrium.ch\/#organization","name":"Fisioterapia Equilibrium","alternateName":"Equilibrium","url":"https:\/\/fisioterapia-equilibrium.ch\/","logo":{"@type":"ImageObject","inLanguage":"it-IT","@id":"https:\/\/fisioterapia-equilibrium.ch\/#\/schema\/logo\/image\/","url":"https:\/\/fisioterapia-equilibrium.ch\/wp-content\/uploads\/2021\/09\/Logo_Equilibrium_DEF-01.png","contentUrl":"https:\/\/fisioterapia-equilibrium.ch\/wp-content\/uploads\/2021\/09\/Logo_Equilibrium_DEF-01.png","width":3508,"height":2481,"caption":"Fisioterapia Equilibrium"},"image":{"@id":"https:\/\/fisioterapia-equilibrium.ch\/#\/schema\/logo\/image\/"},"sameAs":["https:\/\/www.facebook.com\/micaela.gasparimenotti"]}]}},"_links":{"self":[{"href":"https:\/\/fisioterapia-equilibrium.ch\/index.php?rest_route=\/wp\/v2\/pages\/253","targetHints":{"allow":["GET"]}}],"collection":[{"href":"https:\/\/fisioterapia-equilibrium.ch\/index.php?rest_route=\/wp\/v2\/pages"}],"about":[{"href":"https:\/\/fisioterapia-equilibrium.ch\/index.php?rest_route=\/wp\/v2\/types\/page"}],"author":[{"embeddable":true,"href":"https:\/\/fisioterapia-equilibrium.ch\/index.php?rest_route=\/wp\/v2\/users\/1"}],"replies":[{"embeddable":true,"href":"https:\/\/fisioterapia-equilibrium.ch\/index.php?rest_route=%2Fwp%2Fv2%2Fcomments&post=253"}],"version-history":[{"count":5,"href":"https:\/\/fisioterapia-equilibrium.ch\/index.php?rest_route=\/wp\/v2\/pages\/253\/revisions"}],"predecessor-version":[{"id":585,"href":"https:\/\/fisioterapia-equilibrium.ch\/index.php?rest_route=\/wp\/v2\/pages\/253\/revisions\/585"}],"up":[{"embeddable":true,"href":"https:\/\/fisioterapia-equilibrium.ch\/index.php?rest_route=\/wp\/v2\/pages\/248"}],"wp:featuredmedia":[{"embeddable":true,"href":"https:\/\/fisioterapia-equilibrium.ch\/index.php?rest_route=\/wp\/v2\/media\/40"}],"wp:attachment":[{"href":"https:\/\/fisioterapia-equilibrium.ch\/index.php?rest_route=%2Fwp%2Fv2%2Fmedia&parent=253"}],"curies":[{"name":"wp","href":"https:\/\/api.w.org\/{rel}","templated":true}]}}